{"id":719,"date":"2018-05-10T13:07:40","date_gmt":"2018-05-10T13:07:40","guid":{"rendered":"https:\/\/naturheilpraxis-laressource.de\/therapie_reflex\/"},"modified":"2018-08-19T16:10:58","modified_gmt":"2018-08-19T16:10:58","slug":"therapie_reflex","status":"publish","type":"page","link":"https:\/\/naturheilpraxis-laressource.de\/fr\/therapie_reflex\/","title":{"rendered":"Therapie_Reflex"},"content":{"rendered":"<p>[et_pb_section fb_built=\u00a0\u00bb1&Prime; _builder_version=\u00a0\u00bb3.2&Prime; background_color=\u00a0\u00bbrgba(224,153,0,0.23)\u00a0\u00bb background_repeat=\u00a0\u00bbrepeat\u00a0\u00bb background_blend=\u00a0\u00bbscreen\u00a0\u00bb][et_pb_row _builder_version=\u00a0\u00bb3.2&Prime;][et_pb_column type=\u00a0\u00bb1_2&Prime; _builder_version=\u00a0\u00bb3.2&Prime; parallax=\u00a0\u00bboff\u00a0\u00bb parallax_method=\u00a0\u00bbon\u00a0\u00bb][et_pb_slider _builder_version=\u00a0\u00bb3.2&Prime; box_shadow_style=\u00a0\u00bbpreset1&Prime;][et_pb_slide _builder_version=\u00a0\u00bb3.2&Prime; background_image=\u00a0\u00bbhttps:\/\/naturheilpraxis-laressource.de\/wp-content\/uploads\/2018\/05\/fuss1.jpg\u00a0\u00bb custom_css_main_element=\u00a0\u00bbmin-height: 300px;\u00a0\u00bb][\/et_pb_slide][et_pb_slide _builder_version=\u00a0\u00bb3.2&Prime; background_image=\u00a0\u00bbhttps:\/\/naturheilpraxis-laressource.de\/wp-content\/uploads\/2018\/05\/fuss2.jpg\u00a0\u00bb custom_css_main_element=\u00a0\u00bbmin-height: 300px;\u00a0\u00bb][\/et_pb_slide][\/et_pb_slider][\/et_pb_column][et_pb_column type=\u00a0\u00bb1_2&Prime; _builder_version=\u00a0\u00bb3.2&Prime; parallax=\u00a0\u00bboff\u00a0\u00bb parallax_method=\u00a0\u00bbon\u00a0\u00bb][et_pb_text _builder_version=\u00a0\u00bb3.2&Prime;]<\/p>\n<h2>LA R\u00c9FLEXOLOGIE PLANTAIRE<\/h2>\n<p>La r\u00e9flexologie plantaire est une discipline mill\u00e9naire de type massage consistant \u00e0 stimuler des points r\u00e9flexes situ\u00e9s au niveau des pieds. Elle \u00e9tait pratiqu\u00e9e dans la Chine ancienne.<br \/>\nLa r\u00e9flexologie plantaire est une m\u00e9thode th\u00e9rapeutique qui utilise le processus d\u2019autogu\u00e9rison naturel du corps. Le pied est une repr\u00e9sentation miniature du corps humain o\u00f9 chaque zone du pied correspond \u00e0 un organe ou une partie de corps humain. En stimulant manuellement ces zones r\u00e9flexes, il est donc possible d\u2019agir sur les organes ou les fonctions qu\u2019elles repr\u00e9sentent. Cette technique de digitopression soulage le corps par le pied.[\/et_pb_text][et_pb_button button_url=\u00a0\u00bbhttps:\/\/naturheilpraxis-laressource.de\/home\/#therapie\u00a0\u00bb button_text=\u00a0\u00bbTh\u00e9rapies\u00a0\u00bb _builder_version=\u00a0\u00bb3.9&Prime;][\/et_pb_button][\/et_pb_column][\/et_pb_row][\/et_pb_section]<\/p>\n","protected":false},"excerpt":{"rendered":"<p>LA R\u00c9FLEXOLOGIE PLANTAIRE La r\u00e9flexologie plantaire est une discipline mill\u00e9naire de type massage consistant \u00e0 stimuler des points r\u00e9flexes situ\u00e9s au niveau des pieds. Elle \u00e9tait pratiqu\u00e9e dans la Chine ancienne. La r\u00e9flexologie plantaire est une m\u00e9thode th\u00e9rapeutique qui utilise le processus d\u2019autogu\u00e9rison naturel du corps. Le pied est une repr\u00e9sentation miniature du corps humain [&hellip;]<\/p>\n","protected":false},"author":1,"featured_media":0,"parent":0,"menu_order":0,"comment_status":"closed","ping_status":"closed","template":"","meta":{"_et_pb_use_builder":"on","_et_pb_old_content":"","_et_gb_content_width":"","footnotes":""},"yoast_head":"<!-- This site is optimized with the Yoast SEO plugin v22.0 - https:\/\/yoast.com\/wordpress\/plugins\/seo\/ -->\n<title>Therapie_Reflex<\/title>\n<meta name=\"robots\" content=\"index, follow, max-snippet:-1, max-image-preview:large, max-video-preview:-1\" \/>\n<link rel=\"canonical\" href=\"https:\/\/naturheilpraxis-laressource.de\/fr\/therapie_reflex\/\" \/>\n<meta property=\"og:locale\" content=\"fr_FR\" \/>\n<meta property=\"og:type\" content=\"article\" \/>\n<meta property=\"og:title\" content=\"Therapie_Reflex\" \/>\n<meta property=\"og:url\" content=\"https:\/\/naturheilpraxis-laressource.de\/fr\/therapie_reflex\/\" \/>\n<meta property=\"og:site_name\" content=\"Naturheilpraxis La Ressource\" \/>\n<meta property=\"article:modified_time\" content=\"2018-08-19T16:10:58+00:00\" \/>\n<meta name=\"twitter:card\" content=\"summary_large_image\" \/>\n<meta name=\"twitter:label1\" content=\"Dur\u00e9e de lecture estim\u00e9e\" \/>\n\t<meta name=\"twitter:data1\" content=\"1 minute\" \/>\n<script type=\"application\/ld+json\" class=\"yoast-schema-graph\">{\"@context\":\"https:\/\/schema.org\",\"@graph\":[{\"@type\":\"WebPage\",\"@id\":\"https:\/\/naturheilpraxis-laressource.de\/fr\/therapie_reflex\/\",\"url\":\"https:\/\/naturheilpraxis-laressource.de\/fr\/therapie_reflex\/\",\"name\":\"Therapie_Reflex\",\"isPartOf\":{\"@id\":\"https:\/\/naturheilpraxis-laressource.de\/#website\"},\"datePublished\":\"2018-05-10T13:07:40+00:00\",\"dateModified\":\"2018-08-19T16:10:58+00:00\",\"breadcrumb\":{\"@id\":\"https:\/\/naturheilpraxis-laressource.de\/fr\/therapie_reflex\/#breadcrumb\"},\"inLanguage\":\"fr-FR\",\"potentialAction\":[{\"@type\":\"ReadAction\",\"target\":[\"https:\/\/naturheilpraxis-laressource.de\/fr\/therapie_reflex\/\"]}]},{\"@type\":\"BreadcrumbList\",\"@id\":\"https:\/\/naturheilpraxis-laressource.de\/fr\/therapie_reflex\/#breadcrumb\",\"itemListElement\":[{\"@type\":\"ListItem\",\"position\":1,\"name\":\"Startseite\",\"item\":\"https:\/\/naturheilpraxis-laressource.de\/\"},{\"@type\":\"ListItem\",\"position\":2,\"name\":\"Therapie_Reflex\"}]},{\"@type\":\"WebSite\",\"@id\":\"https:\/\/naturheilpraxis-laressource.de\/#website\",\"url\":\"https:\/\/naturheilpraxis-laressource.de\/\",\"name\":\"Naturheilpraxis La Ressource\",\"description\":\"Muriel Brandenburg\",\"publisher\":{\"@id\":\"https:\/\/naturheilpraxis-laressource.de\/#organization\"},\"potentialAction\":[{\"@type\":\"SearchAction\",\"target\":{\"@type\":\"EntryPoint\",\"urlTemplate\":\"https:\/\/naturheilpraxis-laressource.de\/?s={search_term_string}\"},\"query-input\":\"required name=search_term_string\"}],\"inLanguage\":\"fr-FR\"},{\"@type\":\"Organization\",\"@id\":\"https:\/\/naturheilpraxis-laressource.de\/#organization\",\"name\":\"Naturheilpraxis La Ressource\",\"url\":\"https:\/\/naturheilpraxis-laressource.de\/\",\"logo\":{\"@type\":\"ImageObject\",\"inLanguage\":\"fr-FR\",\"@id\":\"https:\/\/naturheilpraxis-laressource.de\/#\/schema\/logo\/image\/\",\"url\":\"https:\/\/naturheilpraxis-laressource.de\/wp-content\/uploads\/2018\/04\/headerlogo2.png\",\"contentUrl\":\"https:\/\/naturheilpraxis-laressource.de\/wp-content\/uploads\/2018\/04\/headerlogo2.png\",\"width\":1504,\"height\":400,\"caption\":\"Naturheilpraxis La Ressource\"},\"image\":{\"@id\":\"https:\/\/naturheilpraxis-laressource.de\/#\/schema\/logo\/image\/\"}}]}<\/script>\n<!-- \/ Yoast SEO plugin. -->","yoast_head_json":{"title":"Therapie_Reflex","robots":{"index":"index","follow":"follow","max-snippet":"max-snippet:-1","max-image-preview":"max-image-preview:large","max-video-preview":"max-video-preview:-1"},"canonical":"https:\/\/naturheilpraxis-laressource.de\/fr\/therapie_reflex\/","og_locale":"fr_FR","og_type":"article","og_title":"Therapie_Reflex","og_url":"https:\/\/naturheilpraxis-laressource.de\/fr\/therapie_reflex\/","og_site_name":"Naturheilpraxis La Ressource","article_modified_time":"2018-08-19T16:10:58+00:00","twitter_card":"summary_large_image","twitter_misc":{"Dur\u00e9e de lecture estim\u00e9e":"1 minute"},"schema":{"@context":"https:\/\/schema.org","@graph":[{"@type":"WebPage","@id":"https:\/\/naturheilpraxis-laressource.de\/fr\/therapie_reflex\/","url":"https:\/\/naturheilpraxis-laressource.de\/fr\/therapie_reflex\/","name":"Therapie_Reflex","isPartOf":{"@id":"https:\/\/naturheilpraxis-laressource.de\/#website"},"datePublished":"2018-05-10T13:07:40+00:00","dateModified":"2018-08-19T16:10:58+00:00","breadcrumb":{"@id":"https:\/\/naturheilpraxis-laressource.de\/fr\/therapie_reflex\/#breadcrumb"},"inLanguage":"fr-FR","potentialAction":[{"@type":"ReadAction","target":["https:\/\/naturheilpraxis-laressource.de\/fr\/therapie_reflex\/"]}]},{"@type":"BreadcrumbList","@id":"https:\/\/naturheilpraxis-laressource.de\/fr\/therapie_reflex\/#breadcrumb","itemListElement":[{"@type":"ListItem","position":1,"name":"Startseite","item":"https:\/\/naturheilpraxis-laressource.de\/"},{"@type":"ListItem","position":2,"name":"Therapie_Reflex"}]},{"@type":"WebSite","@id":"https:\/\/naturheilpraxis-laressource.de\/#website","url":"https:\/\/naturheilpraxis-laressource.de\/","name":"Naturheilpraxis La Ressource","description":"Muriel Brandenburg","publisher":{"@id":"https:\/\/naturheilpraxis-laressource.de\/#organization"},"potentialAction":[{"@type":"SearchAction","target":{"@type":"EntryPoint","urlTemplate":"https:\/\/naturheilpraxis-laressource.de\/?s={search_term_string}"},"query-input":"required name=search_term_string"}],"inLanguage":"fr-FR"},{"@type":"Organization","@id":"https:\/\/naturheilpraxis-laressource.de\/#organization","name":"Naturheilpraxis La Ressource","url":"https:\/\/naturheilpraxis-laressource.de\/","logo":{"@type":"ImageObject","inLanguage":"fr-FR","@id":"https:\/\/naturheilpraxis-laressource.de\/#\/schema\/logo\/image\/","url":"https:\/\/naturheilpraxis-laressource.de\/wp-content\/uploads\/2018\/04\/headerlogo2.png","contentUrl":"https:\/\/naturheilpraxis-laressource.de\/wp-content\/uploads\/2018\/04\/headerlogo2.png","width":1504,"height":400,"caption":"Naturheilpraxis La Ressource"},"image":{"@id":"https:\/\/naturheilpraxis-laressource.de\/#\/schema\/logo\/image\/"}}]}},"_links":{"self":[{"href":"https:\/\/naturheilpraxis-laressource.de\/fr\/wp-json\/wp\/v2\/pages\/719"}],"collection":[{"href":"https:\/\/naturheilpraxis-laressource.de\/fr\/wp-json\/wp\/v2\/pages"}],"about":[{"href":"https:\/\/naturheilpraxis-laressource.de\/fr\/wp-json\/wp\/v2\/types\/page"}],"author":[{"embeddable":true,"href":"https:\/\/naturheilpraxis-laressource.de\/fr\/wp-json\/wp\/v2\/users\/1"}],"replies":[{"embeddable":true,"href":"https:\/\/naturheilpraxis-laressource.de\/fr\/wp-json\/wp\/v2\/comments?post=719"}],"version-history":[{"count":6,"href":"https:\/\/naturheilpraxis-laressource.de\/fr\/wp-json\/wp\/v2\/pages\/719\/revisions"}],"predecessor-version":[{"id":1209,"href":"https:\/\/naturheilpraxis-laressource.de\/fr\/wp-json\/wp\/v2\/pages\/719\/revisions\/1209"}],"wp:attachment":[{"href":"https:\/\/naturheilpraxis-laressource.de\/fr\/wp-json\/wp\/v2\/media?parent=719"}],"curies":[{"name":"wp","href":"https:\/\/api.w.org\/{rel}","templated":true}]}}