{"id":703,"date":"2018-05-10T12:53:02","date_gmt":"2018-05-10T12:53:02","guid":{"rendered":"https:\/\/naturheilpraxis-laressource.de\/therapie_aroma\/"},"modified":"2018-08-19T16:09:26","modified_gmt":"2018-08-19T16:09:26","slug":"therapie_aroma","status":"publish","type":"page","link":"https:\/\/naturheilpraxis-laressource.de\/fr\/therapie_aroma\/","title":{"rendered":"Therapie_Aroma"},"content":{"rendered":"<p>[et_pb_section fb_built=\u00a0\u00bb1&Prime; _builder_version=\u00a0\u00bb3.2&Prime; background_color=\u00a0\u00bbrgba(224,153,0,0.23)\u00a0\u00bb background_repeat=\u00a0\u00bbrepeat\u00a0\u00bb background_blend=\u00a0\u00bbscreen\u00a0\u00bb][et_pb_row _builder_version=\u00a0\u00bb3.2&Prime;][et_pb_column type=\u00a0\u00bb1_2&Prime; _builder_version=\u00a0\u00bb3.2&Prime; parallax=\u00a0\u00bboff\u00a0\u00bb parallax_method=\u00a0\u00bbon\u00a0\u00bb][et_pb_slider _builder_version=\u00a0\u00bb3.2&Prime; box_shadow_style=\u00a0\u00bbpreset1&Prime;][et_pb_slide _builder_version=\u00a0\u00bb3.2&Prime; background_image=\u00a0\u00bbhttps:\/\/naturheilpraxis-laressource.de\/wp-content\/uploads\/2018\/05\/aroma1.jpg\u00a0\u00bb custom_css_main_element=\u00a0\u00bbmin-height: 300px;\u00a0\u00bb][\/et_pb_slide][et_pb_slide _builder_version=\u00a0\u00bb3.2&Prime; background_image=\u00a0\u00bbhttps:\/\/naturheilpraxis-laressource.de\/wp-content\/uploads\/2018\/05\/aroma2.jpg\u00a0\u00bb custom_css_main_element=\u00a0\u00bbmin-height: 300px;\u00a0\u00bb][\/et_pb_slide][\/et_pb_slider][\/et_pb_column][et_pb_column type=\u00a0\u00bb1_2&Prime; _builder_version=\u00a0\u00bb3.2&Prime; parallax=\u00a0\u00bboff\u00a0\u00bb parallax_method=\u00a0\u00bbon\u00a0\u00bb][et_pb_text _builder_version=\u00a0\u00bb3.2&Prime;]<\/p>\n<h2>L\u2018AROMATH\u00c9RAPIE &#8211; La puissance des Huiles Essentielles de qualit\u00e9 th\u00e9rapeuthique pure!<\/h2>\n<p>Les huiles essentielles sont utilis\u00e9es depuis des milliers d\u2019ann\u00e9es dans diverses cultures \u00e0 des fins m\u00e9dicinales et de sant\u00e9. Les utilisations des huiles essentielles vont de l\u2019aromath\u00e9rapie aux produits d\u2019entretien m\u00e9nager, en passant par les soins esth\u00e9tiques personnels et les traitements de m\u00e9decine naturelle.<br \/>\nLes particules dans les huiles essentielles proviennent de la distillation ou de l\u2019extraction des diff\u00e9rentes parties des plantes, y compris les fleurs, les feuilles, l\u2019\u00e9corce, les racines, la r\u00e9sine et les pelures. Les bienfaits des huiles essentielles proviennent de leurs propri\u00e9t\u00e9s antioxydantes, antimicrobiennes et anti-inflammatoires.<br \/>\nJe n\u2019utilise que des huiles essentielles biologiques de chez Primavera.[\/et_pb_text][et_pb_button button_url=\u00a0\u00bbhttps:\/\/naturheilpraxis-laressource.de\/fr\/#diagnose\u00a0\u00bb button_text=\u00a0\u00bbTh\u00e9rapies\u00a0\u00bb _builder_version=\u00a0\u00bb3.9&Prime;][\/et_pb_button][\/et_pb_column][\/et_pb_row][\/et_pb_section]<\/p>\n","protected":false},"excerpt":{"rendered":"<p>L\u2018AROMATH\u00c9RAPIE &#8211; La puissance des Huiles Essentielles de qualit\u00e9 th\u00e9rapeuthique pure! Les huiles essentielles sont utilis\u00e9es depuis des milliers d\u2019ann\u00e9es dans diverses cultures \u00e0 des fins m\u00e9dicinales et de sant\u00e9. Les utilisations des huiles essentielles vont de l\u2019aromath\u00e9rapie aux produits d\u2019entretien m\u00e9nager, en passant par les soins esth\u00e9tiques personnels et les traitements de m\u00e9decine naturelle. [&hellip;]<\/p>\n","protected":false},"author":1,"featured_media":0,"parent":0,"menu_order":0,"comment_status":"closed","ping_status":"closed","template":"","meta":{"_et_pb_use_builder":"on","_et_pb_old_content":"","_et_gb_content_width":"","footnotes":""},"yoast_head":"<!-- This site is optimized with the Yoast SEO plugin v22.0 - https:\/\/yoast.com\/wordpress\/plugins\/seo\/ -->\n<title>Therapie_Aroma<\/title>\n<meta name=\"robots\" content=\"index, follow, max-snippet:-1, max-image-preview:large, max-video-preview:-1\" \/>\n<link rel=\"canonical\" href=\"https:\/\/naturheilpraxis-laressource.de\/fr\/therapie_aroma\/\" \/>\n<meta property=\"og:locale\" content=\"fr_FR\" \/>\n<meta property=\"og:type\" content=\"article\" \/>\n<meta property=\"og:title\" content=\"Therapie_Aroma\" \/>\n<meta property=\"og:url\" content=\"https:\/\/naturheilpraxis-laressource.de\/fr\/therapie_aroma\/\" \/>\n<meta property=\"og:site_name\" content=\"Naturheilpraxis La Ressource\" \/>\n<meta property=\"article:modified_time\" content=\"2018-08-19T16:09:26+00:00\" \/>\n<meta name=\"twitter:card\" content=\"summary_large_image\" \/>\n<meta name=\"twitter:label1\" content=\"Dur\u00e9e de lecture estim\u00e9e\" \/>\n\t<meta name=\"twitter:data1\" content=\"1 minute\" \/>\n<script type=\"application\/ld+json\" class=\"yoast-schema-graph\">{\"@context\":\"https:\/\/schema.org\",\"@graph\":[{\"@type\":\"WebPage\",\"@id\":\"https:\/\/naturheilpraxis-laressource.de\/fr\/therapie_aroma\/\",\"url\":\"https:\/\/naturheilpraxis-laressource.de\/fr\/therapie_aroma\/\",\"name\":\"Therapie_Aroma\",\"isPartOf\":{\"@id\":\"https:\/\/naturheilpraxis-laressource.de\/#website\"},\"datePublished\":\"2018-05-10T12:53:02+00:00\",\"dateModified\":\"2018-08-19T16:09:26+00:00\",\"breadcrumb\":{\"@id\":\"https:\/\/naturheilpraxis-laressource.de\/fr\/therapie_aroma\/#breadcrumb\"},\"inLanguage\":\"fr-FR\",\"potentialAction\":[{\"@type\":\"ReadAction\",\"target\":[\"https:\/\/naturheilpraxis-laressource.de\/fr\/therapie_aroma\/\"]}]},{\"@type\":\"BreadcrumbList\",\"@id\":\"https:\/\/naturheilpraxis-laressource.de\/fr\/therapie_aroma\/#breadcrumb\",\"itemListElement\":[{\"@type\":\"ListItem\",\"position\":1,\"name\":\"Startseite\",\"item\":\"https:\/\/naturheilpraxis-laressource.de\/\"},{\"@type\":\"ListItem\",\"position\":2,\"name\":\"Therapie_Aroma\"}]},{\"@type\":\"WebSite\",\"@id\":\"https:\/\/naturheilpraxis-laressource.de\/#website\",\"url\":\"https:\/\/naturheilpraxis-laressource.de\/\",\"name\":\"Naturheilpraxis La Ressource\",\"description\":\"Muriel Brandenburg\",\"publisher\":{\"@id\":\"https:\/\/naturheilpraxis-laressource.de\/#organization\"},\"potentialAction\":[{\"@type\":\"SearchAction\",\"target\":{\"@type\":\"EntryPoint\",\"urlTemplate\":\"https:\/\/naturheilpraxis-laressource.de\/?s={search_term_string}\"},\"query-input\":\"required name=search_term_string\"}],\"inLanguage\":\"fr-FR\"},{\"@type\":\"Organization\",\"@id\":\"https:\/\/naturheilpraxis-laressource.de\/#organization\",\"name\":\"Naturheilpraxis La Ressource\",\"url\":\"https:\/\/naturheilpraxis-laressource.de\/\",\"logo\":{\"@type\":\"ImageObject\",\"inLanguage\":\"fr-FR\",\"@id\":\"https:\/\/naturheilpraxis-laressource.de\/#\/schema\/logo\/image\/\",\"url\":\"https:\/\/naturheilpraxis-laressource.de\/wp-content\/uploads\/2018\/04\/headerlogo2.png\",\"contentUrl\":\"https:\/\/naturheilpraxis-laressource.de\/wp-content\/uploads\/2018\/04\/headerlogo2.png\",\"width\":1504,\"height\":400,\"caption\":\"Naturheilpraxis La Ressource\"},\"image\":{\"@id\":\"https:\/\/naturheilpraxis-laressource.de\/#\/schema\/logo\/image\/\"}}]}<\/script>\n<!-- \/ Yoast SEO plugin. -->","yoast_head_json":{"title":"Therapie_Aroma","robots":{"index":"index","follow":"follow","max-snippet":"max-snippet:-1","max-image-preview":"max-image-preview:large","max-video-preview":"max-video-preview:-1"},"canonical":"https:\/\/naturheilpraxis-laressource.de\/fr\/therapie_aroma\/","og_locale":"fr_FR","og_type":"article","og_title":"Therapie_Aroma","og_url":"https:\/\/naturheilpraxis-laressource.de\/fr\/therapie_aroma\/","og_site_name":"Naturheilpraxis La Ressource","article_modified_time":"2018-08-19T16:09:26+00:00","twitter_card":"summary_large_image","twitter_misc":{"Dur\u00e9e de lecture estim\u00e9e":"1 minute"},"schema":{"@context":"https:\/\/schema.org","@graph":[{"@type":"WebPage","@id":"https:\/\/naturheilpraxis-laressource.de\/fr\/therapie_aroma\/","url":"https:\/\/naturheilpraxis-laressource.de\/fr\/therapie_aroma\/","name":"Therapie_Aroma","isPartOf":{"@id":"https:\/\/naturheilpraxis-laressource.de\/#website"},"datePublished":"2018-05-10T12:53:02+00:00","dateModified":"2018-08-19T16:09:26+00:00","breadcrumb":{"@id":"https:\/\/naturheilpraxis-laressource.de\/fr\/therapie_aroma\/#breadcrumb"},"inLanguage":"fr-FR","potentialAction":[{"@type":"ReadAction","target":["https:\/\/naturheilpraxis-laressource.de\/fr\/therapie_aroma\/"]}]},{"@type":"BreadcrumbList","@id":"https:\/\/naturheilpraxis-laressource.de\/fr\/therapie_aroma\/#breadcrumb","itemListElement":[{"@type":"ListItem","position":1,"name":"Startseite","item":"https:\/\/naturheilpraxis-laressource.de\/"},{"@type":"ListItem","position":2,"name":"Therapie_Aroma"}]},{"@type":"WebSite","@id":"https:\/\/naturheilpraxis-laressource.de\/#website","url":"https:\/\/naturheilpraxis-laressource.de\/","name":"Naturheilpraxis La Ressource","description":"Muriel Brandenburg","publisher":{"@id":"https:\/\/naturheilpraxis-laressource.de\/#organization"},"potentialAction":[{"@type":"SearchAction","target":{"@type":"EntryPoint","urlTemplate":"https:\/\/naturheilpraxis-laressource.de\/?s={search_term_string}"},"query-input":"required name=search_term_string"}],"inLanguage":"fr-FR"},{"@type":"Organization","@id":"https:\/\/naturheilpraxis-laressource.de\/#organization","name":"Naturheilpraxis La Ressource","url":"https:\/\/naturheilpraxis-laressource.de\/","logo":{"@type":"ImageObject","inLanguage":"fr-FR","@id":"https:\/\/naturheilpraxis-laressource.de\/#\/schema\/logo\/image\/","url":"https:\/\/naturheilpraxis-laressource.de\/wp-content\/uploads\/2018\/04\/headerlogo2.png","contentUrl":"https:\/\/naturheilpraxis-laressource.de\/wp-content\/uploads\/2018\/04\/headerlogo2.png","width":1504,"height":400,"caption":"Naturheilpraxis La Ressource"},"image":{"@id":"https:\/\/naturheilpraxis-laressource.de\/#\/schema\/logo\/image\/"}}]}},"_links":{"self":[{"href":"https:\/\/naturheilpraxis-laressource.de\/fr\/wp-json\/wp\/v2\/pages\/703"}],"collection":[{"href":"https:\/\/naturheilpraxis-laressource.de\/fr\/wp-json\/wp\/v2\/pages"}],"about":[{"href":"https:\/\/naturheilpraxis-laressource.de\/fr\/wp-json\/wp\/v2\/types\/page"}],"author":[{"embeddable":true,"href":"https:\/\/naturheilpraxis-laressource.de\/fr\/wp-json\/wp\/v2\/users\/1"}],"replies":[{"embeddable":true,"href":"https:\/\/naturheilpraxis-laressource.de\/fr\/wp-json\/wp\/v2\/comments?post=703"}],"version-history":[{"count":5,"href":"https:\/\/naturheilpraxis-laressource.de\/fr\/wp-json\/wp\/v2\/pages\/703\/revisions"}],"predecessor-version":[{"id":1220,"href":"https:\/\/naturheilpraxis-laressource.de\/fr\/wp-json\/wp\/v2\/pages\/703\/revisions\/1220"}],"wp:attachment":[{"href":"https:\/\/naturheilpraxis-laressource.de\/fr\/wp-json\/wp\/v2\/media?parent=703"}],"curies":[{"name":"wp","href":"https:\/\/api.w.org\/{rel}","templated":true}]}}