{"id":689,"date":"2018-05-10T12:38:02","date_gmt":"2018-05-10T12:38:02","guid":{"rendered":"https:\/\/naturheilpraxis-laressource.de\/therapie_homoeopathie\/"},"modified":"2018-08-19T16:05:45","modified_gmt":"2018-08-19T16:05:45","slug":"therapie_homoeopathie","status":"publish","type":"page","link":"https:\/\/naturheilpraxis-laressource.de\/fr\/therapie_homoeopathie\/","title":{"rendered":"Therapie_Homoeopathie"},"content":{"rendered":"<p>[et_pb_section fb_built=\u00a0\u00bb1&Prime; _builder_version=\u00a0\u00bb3.2&Prime; background_color=\u00a0\u00bbrgba(224,153,0,0.23)\u00a0\u00bb background_repeat=\u00a0\u00bbrepeat\u00a0\u00bb background_blend=\u00a0\u00bbscreen\u00a0\u00bb][et_pb_row _builder_version=\u00a0\u00bb3.2&Prime;][et_pb_column type=\u00a0\u00bb1_2&Prime; _builder_version=\u00a0\u00bb3.2&Prime; parallax=\u00a0\u00bboff\u00a0\u00bb parallax_method=\u00a0\u00bbon\u00a0\u00bb][et_pb_slider _builder_version=\u00a0\u00bb3.2&Prime; box_shadow_style=\u00a0\u00bbpreset1&Prime;][et_pb_slide _builder_version=\u00a0\u00bb3.2&Prime; background_image=\u00a0\u00bbhttps:\/\/naturheilpraxis-laressource.de\/wp-content\/uploads\/2018\/05\/hom\u00f6opathie1.jpg\u00a0\u00bb custom_css_main_element=\u00a0\u00bbmin-height: 300px;\u00a0\u00bb][\/et_pb_slide][et_pb_slide _builder_version=\u00a0\u00bb3.2&Prime; background_image=\u00a0\u00bbhttps:\/\/naturheilpraxis-laressource.de\/wp-content\/uploads\/2018\/05\/hom\u00f6opathie2.jpg\u00a0\u00bb custom_css_main_element=\u00a0\u00bbmin-height: 300px;\u00a0\u00bb][\/et_pb_slide][\/et_pb_slider][\/et_pb_column][et_pb_column type=\u00a0\u00bb1_2&Prime; _builder_version=\u00a0\u00bb3.2&Prime; parallax=\u00a0\u00bboff\u00a0\u00bb parallax_method=\u00a0\u00bbon\u00a0\u00bb][et_pb_text _builder_version=\u00a0\u00bb3.2&Prime;]<\/p>\n<h2>L\u2019HOMEOPATHIE CLASSIQUE<\/h2>\n<p>L\u2019Hom\u00e9opathie est bas\u00e9e sur le principe de similitude \u2018Similia Similibus Curentuur\u2019. Ceci veut dire que, si une substance en petite quantit\u00e9 peut provoquer certains sympt\u00f4mes chez une personne en bonne sant\u00e9, cette m\u00eame substance en dose infinit\u00e9simale peut soigner ces sympt\u00f4mes chez un patient.<\/p>\n<p>Les rem\u00e8des en Hom\u00e9opathie Classique (ou Uniciste) sont choisis en fonction de vos sympt\u00f4mes et de votre constitution physique, \u00e9motionnelle et mentale (personnalit\u00e9, facteurs h\u00e9r\u00e9ditaires, etc\u2026).<br \/>\nL\u2019hom\u00e9opathie est une m\u00e9thode douce mais profonde , convenantt particuli\u00e8rement bien aux enfants, qui y r\u00e9agissent tr\u00e8s positivement.[\/et_pb_text][et_pb_button button_url=\u00a0\u00bbhttps:\/\/naturheilpraxis-laressource.de\/fr\/#diagnose\u00a0\u00bb button_text=\u00a0\u00bbTh\u00e9rapies\u00a0\u00bb _builder_version=\u00a0\u00bb3.9&Prime;][\/et_pb_button][\/et_pb_column][\/et_pb_row][\/et_pb_section]<\/p>\n","protected":false},"excerpt":{"rendered":"<p>L\u2019HOMEOPATHIE CLASSIQUE L\u2019Hom\u00e9opathie est bas\u00e9e sur le principe de similitude \u2018Similia Similibus Curentuur\u2019. Ceci veut dire que, si une substance en petite quantit\u00e9 peut provoquer certains sympt\u00f4mes chez une personne en bonne sant\u00e9, cette m\u00eame substance en dose infinit\u00e9simale peut soigner ces sympt\u00f4mes chez un patient. Les rem\u00e8des en Hom\u00e9opathie Classique (ou Uniciste) sont choisis [&hellip;]<\/p>\n","protected":false},"author":1,"featured_media":0,"parent":0,"menu_order":0,"comment_status":"closed","ping_status":"closed","template":"","meta":{"_et_pb_use_builder":"on","_et_pb_old_content":"","_et_gb_content_width":"","footnotes":""},"yoast_head":"<!-- This site is optimized with the Yoast SEO plugin v22.0 - https:\/\/yoast.com\/wordpress\/plugins\/seo\/ -->\n<title>Therapie_Homoeopathie<\/title>\n<meta name=\"robots\" content=\"index, follow, max-snippet:-1, max-image-preview:large, max-video-preview:-1\" \/>\n<link rel=\"canonical\" href=\"https:\/\/naturheilpraxis-laressource.de\/fr\/therapie_homoeopathie\/\" \/>\n<meta property=\"og:locale\" content=\"fr_FR\" \/>\n<meta property=\"og:type\" content=\"article\" \/>\n<meta property=\"og:title\" content=\"Therapie_Homoeopathie\" \/>\n<meta property=\"og:url\" content=\"https:\/\/naturheilpraxis-laressource.de\/fr\/therapie_homoeopathie\/\" \/>\n<meta property=\"og:site_name\" content=\"Naturheilpraxis La Ressource\" \/>\n<meta property=\"article:modified_time\" content=\"2018-08-19T16:05:45+00:00\" \/>\n<meta name=\"twitter:card\" content=\"summary_large_image\" \/>\n<meta name=\"twitter:label1\" content=\"Dur\u00e9e de lecture estim\u00e9e\" \/>\n\t<meta name=\"twitter:data1\" content=\"1 minute\" \/>\n<script type=\"application\/ld+json\" class=\"yoast-schema-graph\">{\"@context\":\"https:\/\/schema.org\",\"@graph\":[{\"@type\":\"WebPage\",\"@id\":\"https:\/\/naturheilpraxis-laressource.de\/fr\/therapie_homoeopathie\/\",\"url\":\"https:\/\/naturheilpraxis-laressource.de\/fr\/therapie_homoeopathie\/\",\"name\":\"Therapie_Homoeopathie\",\"isPartOf\":{\"@id\":\"https:\/\/naturheilpraxis-laressource.de\/#website\"},\"datePublished\":\"2018-05-10T12:38:02+00:00\",\"dateModified\":\"2018-08-19T16:05:45+00:00\",\"breadcrumb\":{\"@id\":\"https:\/\/naturheilpraxis-laressource.de\/fr\/therapie_homoeopathie\/#breadcrumb\"},\"inLanguage\":\"fr-FR\",\"potentialAction\":[{\"@type\":\"ReadAction\",\"target\":[\"https:\/\/naturheilpraxis-laressource.de\/fr\/therapie_homoeopathie\/\"]}]},{\"@type\":\"BreadcrumbList\",\"@id\":\"https:\/\/naturheilpraxis-laressource.de\/fr\/therapie_homoeopathie\/#breadcrumb\",\"itemListElement\":[{\"@type\":\"ListItem\",\"position\":1,\"name\":\"Startseite\",\"item\":\"https:\/\/naturheilpraxis-laressource.de\/\"},{\"@type\":\"ListItem\",\"position\":2,\"name\":\"Therapie_Homoeopathie\"}]},{\"@type\":\"WebSite\",\"@id\":\"https:\/\/naturheilpraxis-laressource.de\/#website\",\"url\":\"https:\/\/naturheilpraxis-laressource.de\/\",\"name\":\"Naturheilpraxis La Ressource\",\"description\":\"Muriel Brandenburg\",\"publisher\":{\"@id\":\"https:\/\/naturheilpraxis-laressource.de\/#organization\"},\"potentialAction\":[{\"@type\":\"SearchAction\",\"target\":{\"@type\":\"EntryPoint\",\"urlTemplate\":\"https:\/\/naturheilpraxis-laressource.de\/?s={search_term_string}\"},\"query-input\":\"required name=search_term_string\"}],\"inLanguage\":\"fr-FR\"},{\"@type\":\"Organization\",\"@id\":\"https:\/\/naturheilpraxis-laressource.de\/#organization\",\"name\":\"Naturheilpraxis La Ressource\",\"url\":\"https:\/\/naturheilpraxis-laressource.de\/\",\"logo\":{\"@type\":\"ImageObject\",\"inLanguage\":\"fr-FR\",\"@id\":\"https:\/\/naturheilpraxis-laressource.de\/#\/schema\/logo\/image\/\",\"url\":\"https:\/\/naturheilpraxis-laressource.de\/wp-content\/uploads\/2018\/04\/headerlogo2.png\",\"contentUrl\":\"https:\/\/naturheilpraxis-laressource.de\/wp-content\/uploads\/2018\/04\/headerlogo2.png\",\"width\":1504,\"height\":400,\"caption\":\"Naturheilpraxis La Ressource\"},\"image\":{\"@id\":\"https:\/\/naturheilpraxis-laressource.de\/#\/schema\/logo\/image\/\"}}]}<\/script>\n<!-- \/ Yoast SEO plugin. -->","yoast_head_json":{"title":"Therapie_Homoeopathie","robots":{"index":"index","follow":"follow","max-snippet":"max-snippet:-1","max-image-preview":"max-image-preview:large","max-video-preview":"max-video-preview:-1"},"canonical":"https:\/\/naturheilpraxis-laressource.de\/fr\/therapie_homoeopathie\/","og_locale":"fr_FR","og_type":"article","og_title":"Therapie_Homoeopathie","og_url":"https:\/\/naturheilpraxis-laressource.de\/fr\/therapie_homoeopathie\/","og_site_name":"Naturheilpraxis La Ressource","article_modified_time":"2018-08-19T16:05:45+00:00","twitter_card":"summary_large_image","twitter_misc":{"Dur\u00e9e de lecture estim\u00e9e":"1 minute"},"schema":{"@context":"https:\/\/schema.org","@graph":[{"@type":"WebPage","@id":"https:\/\/naturheilpraxis-laressource.de\/fr\/therapie_homoeopathie\/","url":"https:\/\/naturheilpraxis-laressource.de\/fr\/therapie_homoeopathie\/","name":"Therapie_Homoeopathie","isPartOf":{"@id":"https:\/\/naturheilpraxis-laressource.de\/#website"},"datePublished":"2018-05-10T12:38:02+00:00","dateModified":"2018-08-19T16:05:45+00:00","breadcrumb":{"@id":"https:\/\/naturheilpraxis-laressource.de\/fr\/therapie_homoeopathie\/#breadcrumb"},"inLanguage":"fr-FR","potentialAction":[{"@type":"ReadAction","target":["https:\/\/naturheilpraxis-laressource.de\/fr\/therapie_homoeopathie\/"]}]},{"@type":"BreadcrumbList","@id":"https:\/\/naturheilpraxis-laressource.de\/fr\/therapie_homoeopathie\/#breadcrumb","itemListElement":[{"@type":"ListItem","position":1,"name":"Startseite","item":"https:\/\/naturheilpraxis-laressource.de\/"},{"@type":"ListItem","position":2,"name":"Therapie_Homoeopathie"}]},{"@type":"WebSite","@id":"https:\/\/naturheilpraxis-laressource.de\/#website","url":"https:\/\/naturheilpraxis-laressource.de\/","name":"Naturheilpraxis La Ressource","description":"Muriel Brandenburg","publisher":{"@id":"https:\/\/naturheilpraxis-laressource.de\/#organization"},"potentialAction":[{"@type":"SearchAction","target":{"@type":"EntryPoint","urlTemplate":"https:\/\/naturheilpraxis-laressource.de\/?s={search_term_string}"},"query-input":"required name=search_term_string"}],"inLanguage":"fr-FR"},{"@type":"Organization","@id":"https:\/\/naturheilpraxis-laressource.de\/#organization","name":"Naturheilpraxis La Ressource","url":"https:\/\/naturheilpraxis-laressource.de\/","logo":{"@type":"ImageObject","inLanguage":"fr-FR","@id":"https:\/\/naturheilpraxis-laressource.de\/#\/schema\/logo\/image\/","url":"https:\/\/naturheilpraxis-laressource.de\/wp-content\/uploads\/2018\/04\/headerlogo2.png","contentUrl":"https:\/\/naturheilpraxis-laressource.de\/wp-content\/uploads\/2018\/04\/headerlogo2.png","width":1504,"height":400,"caption":"Naturheilpraxis La Ressource"},"image":{"@id":"https:\/\/naturheilpraxis-laressource.de\/#\/schema\/logo\/image\/"}}]}},"_links":{"self":[{"href":"https:\/\/naturheilpraxis-laressource.de\/fr\/wp-json\/wp\/v2\/pages\/689"}],"collection":[{"href":"https:\/\/naturheilpraxis-laressource.de\/fr\/wp-json\/wp\/v2\/pages"}],"about":[{"href":"https:\/\/naturheilpraxis-laressource.de\/fr\/wp-json\/wp\/v2\/types\/page"}],"author":[{"embeddable":true,"href":"https:\/\/naturheilpraxis-laressource.de\/fr\/wp-json\/wp\/v2\/users\/1"}],"replies":[{"embeddable":true,"href":"https:\/\/naturheilpraxis-laressource.de\/fr\/wp-json\/wp\/v2\/comments?post=689"}],"version-history":[{"count":5,"href":"https:\/\/naturheilpraxis-laressource.de\/fr\/wp-json\/wp\/v2\/pages\/689\/revisions"}],"predecessor-version":[{"id":1218,"href":"https:\/\/naturheilpraxis-laressource.de\/fr\/wp-json\/wp\/v2\/pages\/689\/revisions\/1218"}],"wp:attachment":[{"href":"https:\/\/naturheilpraxis-laressource.de\/fr\/wp-json\/wp\/v2\/media?parent=689"}],"curies":[{"name":"wp","href":"https:\/\/api.w.org\/{rel}","templated":true}]}}