{"id":593,"date":"2018-05-10T08:23:58","date_gmt":"2018-05-10T08:23:58","guid":{"rendered":"https:\/\/naturheilpraxis-laressource.de\/diagnostik_urin\/"},"modified":"2018-08-19T16:51:31","modified_gmt":"2018-08-19T16:51:31","slug":"diagnostik_urin","status":"publish","type":"page","link":"https:\/\/naturheilpraxis-laressource.de\/fr\/diagnostik_urin\/","title":{"rendered":"diagnostik_urin"},"content":{"rendered":"<p>[et_pb_section fb_built=\u00a0\u00bb1&Prime; _builder_version=\u00a0\u00bb3.2&Prime; background_color=\u00a0\u00bbrgba(224,153,0,0.23)\u00a0\u00bb background_repeat=\u00a0\u00bbrepeat\u00a0\u00bb background_blend=\u00a0\u00bbscreen\u00a0\u00bb][et_pb_row _builder_version=\u00a0\u00bb3.2&Prime;][et_pb_column type=\u00a0\u00bb1_2&Prime; _builder_version=\u00a0\u00bb3.2&Prime; parallax=\u00a0\u00bboff\u00a0\u00bb parallax_method=\u00a0\u00bbon\u00a0\u00bb][et_pb_slider _builder_version=\u00a0\u00bb3.3.1&Prime; box_shadow_style=\u00a0\u00bbpreset1&Prime;][et_pb_slide _builder_version=\u00a0\u00bb3.2&Prime; background_image=\u00a0\u00bbhttps:\/\/naturheilpraxis-laressource.de\/wp-content\/uploads\/2018\/05\/urin1.jpg\u00a0\u00bb custom_css_main_element=\u00a0\u00bbmin-height: 300px;\u00a0\u00bb][\/et_pb_slide][et_pb_slide _builder_version=\u00a0\u00bb3.3.1&Prime; background_image=\u00a0\u00bbhttps:\/\/naturheilpraxis-laressource.de\/wp-content\/uploads\/2018\/05\/urin2.jpg\u00a0\u00bb custom_css_main_element=\u00a0\u00bbmin-height: 300px;\u00a0\u00bb][\/et_pb_slide][\/et_pb_slider][\/et_pb_column][et_pb_column type=\u00a0\u00bb1_2&Prime; _builder_version=\u00a0\u00bb3.2&Prime; parallax=\u00a0\u00bboff\u00a0\u00bb parallax_method=\u00a0\u00bbon\u00a0\u00bb][et_pb_text _builder_version=\u00a0\u00bb3.9&Prime;]<\/p>\n<h2>L&rsquo;ANALYSE DE L&rsquo;URINE<\/h2>\n<p>L\u2019analyse de l\u2019urine par bandelettes est une des analyses faite sur place dans le cabinet. Elle permet de mettre en \u00e9vidence les infections urog\u00e9nitales, mais aussi divers troubles m\u00e9taboliques, h\u00e9patiques et r\u00e9naux.<br \/>\nLe test se compose d\u2019une bandelette pr\u00e9sentant des zones r\u00e9actives permettant de rechercher dans l\u2019urine la pr\u00e9sence de diff\u00e9rents \u00e9l\u00e9ments tels que les nitrites, les prot\u00e9ines, le glucose, les corps c\u00e9toniques, l\u2019urobilinog\u00e8ne, la bilirubine mais aussi d\u2019estimer la densit\u00e9 ou le pH.<br \/>\nAu cas o\u00f9 une intoxication de m\u00e9taux lourds est probable, vos urines seront \u201ccollect\u00e9es\u201d suite \u00e0 un test sp\u00e9cial de provocation et envoy\u00e9es \u00e0 un laboratoire sp\u00e9cialis\u00e9 pour des analyses plus pouss\u00e9es.[\/et_pb_text][et_pb_button button_url=\u00a0\u00bbhttps:\/\/naturheilpraxis-laressource.de\/fr\/#diagnose\u00a0\u00bb button_text=\u00a0\u00bbDiagnostics\u00a0\u00bb _builder_version=\u00a0\u00bb3.9&Prime;][\/et_pb_button][\/et_pb_column][\/et_pb_row][\/et_pb_section]<\/p>\n","protected":false},"excerpt":{"rendered":"<p>L&rsquo;ANALYSE DE L&rsquo;URINE L\u2019analyse de l\u2019urine par bandelettes est une des analyses faite sur place dans le cabinet. Elle permet de mettre en \u00e9vidence les infections urog\u00e9nitales, mais aussi divers troubles m\u00e9taboliques, h\u00e9patiques et r\u00e9naux. Le test se compose d\u2019une bandelette pr\u00e9sentant des zones r\u00e9actives permettant de rechercher dans l\u2019urine la pr\u00e9sence de diff\u00e9rents \u00e9l\u00e9ments [&hellip;]<\/p>\n","protected":false},"author":1,"featured_media":0,"parent":0,"menu_order":0,"comment_status":"closed","ping_status":"closed","template":"","meta":{"_et_pb_use_builder":"on","_et_pb_old_content":"","_et_gb_content_width":"","footnotes":""},"yoast_head":"<!-- This site is optimized with the Yoast SEO plugin v22.0 - https:\/\/yoast.com\/wordpress\/plugins\/seo\/ -->\n<title>diagnostik_urin<\/title>\n<meta name=\"robots\" content=\"index, follow, max-snippet:-1, max-image-preview:large, max-video-preview:-1\" \/>\n<link rel=\"canonical\" href=\"https:\/\/naturheilpraxis-laressource.de\/fr\/diagnostik_urin\/\" \/>\n<meta property=\"og:locale\" content=\"fr_FR\" \/>\n<meta property=\"og:type\" content=\"article\" \/>\n<meta property=\"og:title\" content=\"diagnostik_urin\" \/>\n<meta property=\"og:url\" content=\"https:\/\/naturheilpraxis-laressource.de\/fr\/diagnostik_urin\/\" \/>\n<meta property=\"og:site_name\" content=\"Naturheilpraxis La Ressource\" \/>\n<meta property=\"article:modified_time\" content=\"2018-08-19T16:51:31+00:00\" \/>\n<meta name=\"twitter:card\" content=\"summary_large_image\" \/>\n<meta name=\"twitter:label1\" content=\"Dur\u00e9e de lecture estim\u00e9e\" \/>\n\t<meta name=\"twitter:data1\" content=\"1 minute\" \/>\n<script type=\"application\/ld+json\" class=\"yoast-schema-graph\">{\"@context\":\"https:\/\/schema.org\",\"@graph\":[{\"@type\":\"WebPage\",\"@id\":\"https:\/\/naturheilpraxis-laressource.de\/fr\/diagnostik_urin\/\",\"url\":\"https:\/\/naturheilpraxis-laressource.de\/fr\/diagnostik_urin\/\",\"name\":\"diagnostik_urin\",\"isPartOf\":{\"@id\":\"https:\/\/naturheilpraxis-laressource.de\/#website\"},\"datePublished\":\"2018-05-10T08:23:58+00:00\",\"dateModified\":\"2018-08-19T16:51:31+00:00\",\"breadcrumb\":{\"@id\":\"https:\/\/naturheilpraxis-laressource.de\/fr\/diagnostik_urin\/#breadcrumb\"},\"inLanguage\":\"fr-FR\",\"potentialAction\":[{\"@type\":\"ReadAction\",\"target\":[\"https:\/\/naturheilpraxis-laressource.de\/fr\/diagnostik_urin\/\"]}]},{\"@type\":\"BreadcrumbList\",\"@id\":\"https:\/\/naturheilpraxis-laressource.de\/fr\/diagnostik_urin\/#breadcrumb\",\"itemListElement\":[{\"@type\":\"ListItem\",\"position\":1,\"name\":\"Startseite\",\"item\":\"https:\/\/naturheilpraxis-laressource.de\/\"},{\"@type\":\"ListItem\",\"position\":2,\"name\":\"diagnostik_urin\"}]},{\"@type\":\"WebSite\",\"@id\":\"https:\/\/naturheilpraxis-laressource.de\/#website\",\"url\":\"https:\/\/naturheilpraxis-laressource.de\/\",\"name\":\"Naturheilpraxis La Ressource\",\"description\":\"Muriel Brandenburg\",\"publisher\":{\"@id\":\"https:\/\/naturheilpraxis-laressource.de\/#organization\"},\"potentialAction\":[{\"@type\":\"SearchAction\",\"target\":{\"@type\":\"EntryPoint\",\"urlTemplate\":\"https:\/\/naturheilpraxis-laressource.de\/?s={search_term_string}\"},\"query-input\":\"required name=search_term_string\"}],\"inLanguage\":\"fr-FR\"},{\"@type\":\"Organization\",\"@id\":\"https:\/\/naturheilpraxis-laressource.de\/#organization\",\"name\":\"Naturheilpraxis La Ressource\",\"url\":\"https:\/\/naturheilpraxis-laressource.de\/\",\"logo\":{\"@type\":\"ImageObject\",\"inLanguage\":\"fr-FR\",\"@id\":\"https:\/\/naturheilpraxis-laressource.de\/#\/schema\/logo\/image\/\",\"url\":\"https:\/\/naturheilpraxis-laressource.de\/wp-content\/uploads\/2018\/04\/headerlogo2.png\",\"contentUrl\":\"https:\/\/naturheilpraxis-laressource.de\/wp-content\/uploads\/2018\/04\/headerlogo2.png\",\"width\":1504,\"height\":400,\"caption\":\"Naturheilpraxis La Ressource\"},\"image\":{\"@id\":\"https:\/\/naturheilpraxis-laressource.de\/#\/schema\/logo\/image\/\"}}]}<\/script>\n<!-- \/ Yoast SEO plugin. -->","yoast_head_json":{"title":"diagnostik_urin","robots":{"index":"index","follow":"follow","max-snippet":"max-snippet:-1","max-image-preview":"max-image-preview:large","max-video-preview":"max-video-preview:-1"},"canonical":"https:\/\/naturheilpraxis-laressource.de\/fr\/diagnostik_urin\/","og_locale":"fr_FR","og_type":"article","og_title":"diagnostik_urin","og_url":"https:\/\/naturheilpraxis-laressource.de\/fr\/diagnostik_urin\/","og_site_name":"Naturheilpraxis La Ressource","article_modified_time":"2018-08-19T16:51:31+00:00","twitter_card":"summary_large_image","twitter_misc":{"Dur\u00e9e de lecture estim\u00e9e":"1 minute"},"schema":{"@context":"https:\/\/schema.org","@graph":[{"@type":"WebPage","@id":"https:\/\/naturheilpraxis-laressource.de\/fr\/diagnostik_urin\/","url":"https:\/\/naturheilpraxis-laressource.de\/fr\/diagnostik_urin\/","name":"diagnostik_urin","isPartOf":{"@id":"https:\/\/naturheilpraxis-laressource.de\/#website"},"datePublished":"2018-05-10T08:23:58+00:00","dateModified":"2018-08-19T16:51:31+00:00","breadcrumb":{"@id":"https:\/\/naturheilpraxis-laressource.de\/fr\/diagnostik_urin\/#breadcrumb"},"inLanguage":"fr-FR","potentialAction":[{"@type":"ReadAction","target":["https:\/\/naturheilpraxis-laressource.de\/fr\/diagnostik_urin\/"]}]},{"@type":"BreadcrumbList","@id":"https:\/\/naturheilpraxis-laressource.de\/fr\/diagnostik_urin\/#breadcrumb","itemListElement":[{"@type":"ListItem","position":1,"name":"Startseite","item":"https:\/\/naturheilpraxis-laressource.de\/"},{"@type":"ListItem","position":2,"name":"diagnostik_urin"}]},{"@type":"WebSite","@id":"https:\/\/naturheilpraxis-laressource.de\/#website","url":"https:\/\/naturheilpraxis-laressource.de\/","name":"Naturheilpraxis La Ressource","description":"Muriel Brandenburg","publisher":{"@id":"https:\/\/naturheilpraxis-laressource.de\/#organization"},"potentialAction":[{"@type":"SearchAction","target":{"@type":"EntryPoint","urlTemplate":"https:\/\/naturheilpraxis-laressource.de\/?s={search_term_string}"},"query-input":"required name=search_term_string"}],"inLanguage":"fr-FR"},{"@type":"Organization","@id":"https:\/\/naturheilpraxis-laressource.de\/#organization","name":"Naturheilpraxis La Ressource","url":"https:\/\/naturheilpraxis-laressource.de\/","logo":{"@type":"ImageObject","inLanguage":"fr-FR","@id":"https:\/\/naturheilpraxis-laressource.de\/#\/schema\/logo\/image\/","url":"https:\/\/naturheilpraxis-laressource.de\/wp-content\/uploads\/2018\/04\/headerlogo2.png","contentUrl":"https:\/\/naturheilpraxis-laressource.de\/wp-content\/uploads\/2018\/04\/headerlogo2.png","width":1504,"height":400,"caption":"Naturheilpraxis La Ressource"},"image":{"@id":"https:\/\/naturheilpraxis-laressource.de\/#\/schema\/logo\/image\/"}}]}},"_links":{"self":[{"href":"https:\/\/naturheilpraxis-laressource.de\/fr\/wp-json\/wp\/v2\/pages\/593"}],"collection":[{"href":"https:\/\/naturheilpraxis-laressource.de\/fr\/wp-json\/wp\/v2\/pages"}],"about":[{"href":"https:\/\/naturheilpraxis-laressource.de\/fr\/wp-json\/wp\/v2\/types\/page"}],"author":[{"embeddable":true,"href":"https:\/\/naturheilpraxis-laressource.de\/fr\/wp-json\/wp\/v2\/users\/1"}],"replies":[{"embeddable":true,"href":"https:\/\/naturheilpraxis-laressource.de\/fr\/wp-json\/wp\/v2\/comments?post=593"}],"version-history":[{"count":10,"href":"https:\/\/naturheilpraxis-laressource.de\/fr\/wp-json\/wp\/v2\/pages\/593\/revisions"}],"predecessor-version":[{"id":1239,"href":"https:\/\/naturheilpraxis-laressource.de\/fr\/wp-json\/wp\/v2\/pages\/593\/revisions\/1239"}],"wp:attachment":[{"href":"https:\/\/naturheilpraxis-laressource.de\/fr\/wp-json\/wp\/v2\/media?parent=593"}],"curies":[{"name":"wp","href":"https:\/\/api.w.org\/{rel}","templated":true}]}}