{"id":572,"date":"2018-05-10T07:58:58","date_gmt":"2018-05-10T07:58:58","guid":{"rendered":"https:\/\/naturheilpraxis-laressource.de\/diagnostik_blut\/"},"modified":"2018-08-19T16:53:21","modified_gmt":"2018-08-19T16:53:21","slug":"diagnostik_blut","status":"publish","type":"page","link":"https:\/\/naturheilpraxis-laressource.de\/fr\/diagnostik_blut\/","title":{"rendered":"Diagnostik_Blut"},"content":{"rendered":"<p>[et_pb_section fb_built=\u00a0\u00bb1&Prime; _builder_version=\u00a0\u00bb3.2&Prime; background_color=\u00a0\u00bbrgba(224,153,0,0.23)\u00a0\u00bb background_repeat=\u00a0\u00bbrepeat\u00a0\u00bb background_blend=\u00a0\u00bbscreen\u00a0\u00bb][et_pb_row _builder_version=\u00a0\u00bb3.2&Prime;][et_pb_column type=\u00a0\u00bb1_2&Prime; _builder_version=\u00a0\u00bb3.2&Prime; parallax=\u00a0\u00bboff\u00a0\u00bb parallax_method=\u00a0\u00bbon\u00a0\u00bb][et_pb_slider _builder_version=\u00a0\u00bb3.3.1&Prime; box_shadow_style=\u00a0\u00bbpreset1&Prime;][et_pb_slide _builder_version=\u00a0\u00bb3.3.1&Prime; background_image=\u00a0\u00bbhttps:\/\/naturheilpraxis-laressource.de\/wp-content\/uploads\/2018\/05\/blut1.jpg\u00a0\u00bb custom_css_main_element=\u00a0\u00bbmin-height: 300px;\u00a0\u00bb][\/et_pb_slide][et_pb_slide _builder_version=\u00a0\u00bb3.3.1&Prime; background_image=\u00a0\u00bbhttps:\/\/naturheilpraxis-laressource.de\/wp-content\/uploads\/2018\/05\/blut2.jpg\u00a0\u00bb custom_css_main_element=\u00a0\u00bbmin-height: 300px;\u00a0\u00bb][\/et_pb_slide][\/et_pb_slider][et_pb_button button_url=\u00a0\u00bbhttps:\/\/naturheilpraxis-laressource.de\/wp-content\/uploads\/2018\/05\/blutbild.pdf\u00a0\u00bb url_new_window=\u00a0\u00bbon\u00a0\u00bb button_text=\u00a0\u00bbT\u00e9l\u00e9charger analyse de sang\u00a0\u00bb _builder_version=\u00a0\u00bb3.3.1&Prime;][\/et_pb_button][\/et_pb_column][et_pb_column type=\u00a0\u00bb1_2&Prime; _builder_version=\u00a0\u00bb3.2&Prime; parallax=\u00a0\u00bboff\u00a0\u00bb parallax_method=\u00a0\u00bbon\u00a0\u00bb][et_pb_text _builder_version=\u00a0\u00bb3.2&Prime;]<\/p>\n<h2>ANALYSE DE SANG HOLISTIQUE<\/h2>\n<p>L&rsquo;analyse sanguine est un excellent outil pour \u00e9tablir des zones de d\u00e9s\u00e9quilibre et de facteurs de risque pour les maladies futures.   L\u2019analyse est faite sous divers points, le c\u00f4t\u00e9 clinique, mais aussi l\u2019aspect \u00e9motionel \/ psychique. Les analyses peuvent \u00eatres faites avec des param\u00e8tres diff\u00e9rents (plus de 45) aussi bien avec le plasma qu\u2019avec le sang \u201cpur\u201d. On y trouve des informations tr\u00e8s pointues, surtout en ce qui concerne les oligo-\u00e9l\u00e9ments (cuivre, zinc, fer etc\u2026).<br \/>\nCertaines des choses qui peuvent \u00eatre d\u00e9termin\u00e9es par l&rsquo;analyse sanguine  sont les d\u00e9ficiences vitaminiques et min\u00e9rales, l&rsquo;activit\u00e9 des globules blancs (immunit\u00e9), l&rsquo;\u00e9quilibre du pH, la toxicit\u00e9, les d\u00e9s\u00e9quilibres sous-jacents ou les faiblesses.<br \/>\nGr\u00e2ce aux divers param\u00e8tres une analyse pouss\u00e9e a lieu en ce qui concerne par exemple le m\u00e9tabolisme de vos glucides, vos prot\u00e9ines et de vos lipides, ce qui apporte une image claire sur votre fonctionnement du foie, des reins, du pancr\u00e9as, de l\u2019estomac ou de vos intestins.[\/et_pb_text][et_pb_button button_url=\u00a0\u00bbhttps:\/\/naturheilpraxis-laressource.de\/fr\/#diagnose\u00a0\u00bb button_text=\u00a0\u00bbDiagnostics\u00a0\u00bb _builder_version=\u00a0\u00bb3.9&Prime;][\/et_pb_button][\/et_pb_column][\/et_pb_row][\/et_pb_section]<\/p>\n","protected":false},"excerpt":{"rendered":"<p>ANALYSE DE SANG HOLISTIQUE L&rsquo;analyse sanguine est un excellent outil pour \u00e9tablir des zones de d\u00e9s\u00e9quilibre et de facteurs de risque pour les maladies futures. L\u2019analyse est faite sous divers points, le c\u00f4t\u00e9 clinique, mais aussi l\u2019aspect \u00e9motionel \/ psychique. Les analyses peuvent \u00eatres faites avec des param\u00e8tres diff\u00e9rents (plus de 45) aussi bien avec [&hellip;]<\/p>\n","protected":false},"author":1,"featured_media":0,"parent":0,"menu_order":0,"comment_status":"closed","ping_status":"closed","template":"","meta":{"_et_pb_use_builder":"on","_et_pb_old_content":"","_et_gb_content_width":"","footnotes":""},"yoast_head":"<!-- This site is optimized with the Yoast SEO plugin v22.0 - https:\/\/yoast.com\/wordpress\/plugins\/seo\/ -->\n<title>Diagnostik_Blut<\/title>\n<meta name=\"robots\" content=\"index, follow, max-snippet:-1, max-image-preview:large, max-video-preview:-1\" \/>\n<link rel=\"canonical\" href=\"https:\/\/naturheilpraxis-laressource.de\/fr\/diagnostik_blut\/\" \/>\n<meta property=\"og:locale\" content=\"fr_FR\" \/>\n<meta property=\"og:type\" content=\"article\" \/>\n<meta property=\"og:title\" content=\"Diagnostik_Blut\" \/>\n<meta property=\"og:url\" content=\"https:\/\/naturheilpraxis-laressource.de\/fr\/diagnostik_blut\/\" \/>\n<meta property=\"og:site_name\" content=\"Naturheilpraxis La Ressource\" \/>\n<meta property=\"article:modified_time\" content=\"2018-08-19T16:53:21+00:00\" \/>\n<meta name=\"twitter:card\" content=\"summary_large_image\" \/>\n<meta name=\"twitter:label1\" content=\"Dur\u00e9e de lecture estim\u00e9e\" \/>\n\t<meta name=\"twitter:data1\" content=\"2 minutes\" \/>\n<script type=\"application\/ld+json\" class=\"yoast-schema-graph\">{\"@context\":\"https:\/\/schema.org\",\"@graph\":[{\"@type\":\"WebPage\",\"@id\":\"https:\/\/naturheilpraxis-laressource.de\/fr\/diagnostik_blut\/\",\"url\":\"https:\/\/naturheilpraxis-laressource.de\/fr\/diagnostik_blut\/\",\"name\":\"Diagnostik_Blut\",\"isPartOf\":{\"@id\":\"https:\/\/naturheilpraxis-laressource.de\/#website\"},\"datePublished\":\"2018-05-10T07:58:58+00:00\",\"dateModified\":\"2018-08-19T16:53:21+00:00\",\"breadcrumb\":{\"@id\":\"https:\/\/naturheilpraxis-laressource.de\/fr\/diagnostik_blut\/#breadcrumb\"},\"inLanguage\":\"fr-FR\",\"potentialAction\":[{\"@type\":\"ReadAction\",\"target\":[\"https:\/\/naturheilpraxis-laressource.de\/fr\/diagnostik_blut\/\"]}]},{\"@type\":\"BreadcrumbList\",\"@id\":\"https:\/\/naturheilpraxis-laressource.de\/fr\/diagnostik_blut\/#breadcrumb\",\"itemListElement\":[{\"@type\":\"ListItem\",\"position\":1,\"name\":\"Startseite\",\"item\":\"https:\/\/naturheilpraxis-laressource.de\/\"},{\"@type\":\"ListItem\",\"position\":2,\"name\":\"Diagnostik_Blut\"}]},{\"@type\":\"WebSite\",\"@id\":\"https:\/\/naturheilpraxis-laressource.de\/#website\",\"url\":\"https:\/\/naturheilpraxis-laressource.de\/\",\"name\":\"Naturheilpraxis La Ressource\",\"description\":\"Muriel Brandenburg\",\"publisher\":{\"@id\":\"https:\/\/naturheilpraxis-laressource.de\/#organization\"},\"potentialAction\":[{\"@type\":\"SearchAction\",\"target\":{\"@type\":\"EntryPoint\",\"urlTemplate\":\"https:\/\/naturheilpraxis-laressource.de\/?s={search_term_string}\"},\"query-input\":\"required name=search_term_string\"}],\"inLanguage\":\"fr-FR\"},{\"@type\":\"Organization\",\"@id\":\"https:\/\/naturheilpraxis-laressource.de\/#organization\",\"name\":\"Naturheilpraxis La Ressource\",\"url\":\"https:\/\/naturheilpraxis-laressource.de\/\",\"logo\":{\"@type\":\"ImageObject\",\"inLanguage\":\"fr-FR\",\"@id\":\"https:\/\/naturheilpraxis-laressource.de\/#\/schema\/logo\/image\/\",\"url\":\"https:\/\/naturheilpraxis-laressource.de\/wp-content\/uploads\/2018\/04\/headerlogo2.png\",\"contentUrl\":\"https:\/\/naturheilpraxis-laressource.de\/wp-content\/uploads\/2018\/04\/headerlogo2.png\",\"width\":1504,\"height\":400,\"caption\":\"Naturheilpraxis La Ressource\"},\"image\":{\"@id\":\"https:\/\/naturheilpraxis-laressource.de\/#\/schema\/logo\/image\/\"}}]}<\/script>\n<!-- \/ Yoast SEO plugin. -->","yoast_head_json":{"title":"Diagnostik_Blut","robots":{"index":"index","follow":"follow","max-snippet":"max-snippet:-1","max-image-preview":"max-image-preview:large","max-video-preview":"max-video-preview:-1"},"canonical":"https:\/\/naturheilpraxis-laressource.de\/fr\/diagnostik_blut\/","og_locale":"fr_FR","og_type":"article","og_title":"Diagnostik_Blut","og_url":"https:\/\/naturheilpraxis-laressource.de\/fr\/diagnostik_blut\/","og_site_name":"Naturheilpraxis La Ressource","article_modified_time":"2018-08-19T16:53:21+00:00","twitter_card":"summary_large_image","twitter_misc":{"Dur\u00e9e de lecture estim\u00e9e":"2 minutes"},"schema":{"@context":"https:\/\/schema.org","@graph":[{"@type":"WebPage","@id":"https:\/\/naturheilpraxis-laressource.de\/fr\/diagnostik_blut\/","url":"https:\/\/naturheilpraxis-laressource.de\/fr\/diagnostik_blut\/","name":"Diagnostik_Blut","isPartOf":{"@id":"https:\/\/naturheilpraxis-laressource.de\/#website"},"datePublished":"2018-05-10T07:58:58+00:00","dateModified":"2018-08-19T16:53:21+00:00","breadcrumb":{"@id":"https:\/\/naturheilpraxis-laressource.de\/fr\/diagnostik_blut\/#breadcrumb"},"inLanguage":"fr-FR","potentialAction":[{"@type":"ReadAction","target":["https:\/\/naturheilpraxis-laressource.de\/fr\/diagnostik_blut\/"]}]},{"@type":"BreadcrumbList","@id":"https:\/\/naturheilpraxis-laressource.de\/fr\/diagnostik_blut\/#breadcrumb","itemListElement":[{"@type":"ListItem","position":1,"name":"Startseite","item":"https:\/\/naturheilpraxis-laressource.de\/"},{"@type":"ListItem","position":2,"name":"Diagnostik_Blut"}]},{"@type":"WebSite","@id":"https:\/\/naturheilpraxis-laressource.de\/#website","url":"https:\/\/naturheilpraxis-laressource.de\/","name":"Naturheilpraxis La Ressource","description":"Muriel Brandenburg","publisher":{"@id":"https:\/\/naturheilpraxis-laressource.de\/#organization"},"potentialAction":[{"@type":"SearchAction","target":{"@type":"EntryPoint","urlTemplate":"https:\/\/naturheilpraxis-laressource.de\/?s={search_term_string}"},"query-input":"required name=search_term_string"}],"inLanguage":"fr-FR"},{"@type":"Organization","@id":"https:\/\/naturheilpraxis-laressource.de\/#organization","name":"Naturheilpraxis La Ressource","url":"https:\/\/naturheilpraxis-laressource.de\/","logo":{"@type":"ImageObject","inLanguage":"fr-FR","@id":"https:\/\/naturheilpraxis-laressource.de\/#\/schema\/logo\/image\/","url":"https:\/\/naturheilpraxis-laressource.de\/wp-content\/uploads\/2018\/04\/headerlogo2.png","contentUrl":"https:\/\/naturheilpraxis-laressource.de\/wp-content\/uploads\/2018\/04\/headerlogo2.png","width":1504,"height":400,"caption":"Naturheilpraxis La Ressource"},"image":{"@id":"https:\/\/naturheilpraxis-laressource.de\/#\/schema\/logo\/image\/"}}]}},"_links":{"self":[{"href":"https:\/\/naturheilpraxis-laressource.de\/fr\/wp-json\/wp\/v2\/pages\/572"}],"collection":[{"href":"https:\/\/naturheilpraxis-laressource.de\/fr\/wp-json\/wp\/v2\/pages"}],"about":[{"href":"https:\/\/naturheilpraxis-laressource.de\/fr\/wp-json\/wp\/v2\/types\/page"}],"author":[{"embeddable":true,"href":"https:\/\/naturheilpraxis-laressource.de\/fr\/wp-json\/wp\/v2\/users\/1"}],"replies":[{"embeddable":true,"href":"https:\/\/naturheilpraxis-laressource.de\/fr\/wp-json\/wp\/v2\/comments?post=572"}],"version-history":[{"count":18,"href":"https:\/\/naturheilpraxis-laressource.de\/fr\/wp-json\/wp\/v2\/pages\/572\/revisions"}],"predecessor-version":[{"id":1241,"href":"https:\/\/naturheilpraxis-laressource.de\/fr\/wp-json\/wp\/v2\/pages\/572\/revisions\/1241"}],"wp:attachment":[{"href":"https:\/\/naturheilpraxis-laressource.de\/fr\/wp-json\/wp\/v2\/media?parent=572"}],"curies":[{"name":"wp","href":"https:\/\/api.w.org\/{rel}","templated":true}]}}