{"id":453,"date":"2018-05-04T14:10:29","date_gmt":"2018-05-04T14:10:29","guid":{"rendered":"https:\/\/naturheilpraxis-laressource.de\/arbeitsweise\/"},"modified":"2018-08-19T16:37:35","modified_gmt":"2018-08-19T16:37:35","slug":"arbeitsweise","status":"publish","type":"page","link":"https:\/\/naturheilpraxis-laressource.de\/fr\/arbeitsweise\/","title":{"rendered":"Arbeitsweise"},"content":{"rendered":"<p>[et_pb_section fb_built=\u00a0\u00bb1&Prime; _builder_version=\u00a0\u00bb3.2&Prime; background_image=\u00a0\u00bbhttps:\/\/naturheilpraxis-laressource.de\/wp-content\/uploads\/2018\/04\/aroma-906137_19201-1024&#215;1024.jpg\u00a0\u00bb][et_pb_row _builder_version=\u00a0\u00bb3.0.47&Prime; background_size=\u00a0\u00bbinitial\u00a0\u00bb background_position=\u00a0\u00bbtop_left\u00a0\u00bb background_repeat=\u00a0\u00bbrepeat\u00a0\u00bb][et_pb_column type=\u00a0\u00bb4_4&Prime; _builder_version=\u00a0\u00bb3.2&Prime; parallax=\u00a0\u00bboff\u00a0\u00bb parallax_method=\u00a0\u00bbon\u00a0\u00bb][et_pb_text _builder_version=\u00a0\u00bb3.8&Prime; background_color=\u00a0\u00bbrgba(255,255,255,0.71)\u00a0\u00bb border_radii=\u00a0\u00bbon|15px|15px|15px|15px\u00a0\u00bb custom_padding=\u00a0\u00bb20px|20px|20px|20px\u00a0\u00bb]<\/p>\n<h2>Outils de travail? Quelles m\u00e9thodes sont utilis\u00e9es?<\/h2>\n<p>Un diagnostic s\u00e9rieux et professionnel se base sur plusieurs param\u00e8tres:<\/p>\n<p>Une anamn\u00e8se approfondie (un entretien qui dure au minimum deux heures), incluant entre autre vos sympt\u00f4mes actuels, les maladies que vous avez eues, celles de votre famille, le milieu dans lequel vous vivez, etc\u2026<br \/>\nCette conversation est essentielle pour avoir une vue exhaustive et d\u00e9taill\u00e9e de votre vie et de votre situation actuelle.<\/p>\n<p>Je travaille en collaboration avec des laboratoires renomm\u00e9s, o\u00f9 j\u2019envoie des analyses de sang, des selles ou de salive. Certaines analyses englobent des param\u00e8tres sortant de \u00ab l\u2019ordinaire \u00bb et permettent une autre approche m\u00e9dicale.<br \/>\nUne analyse d\u2019urine est faite sur place dans notre laboratoire au cabinet.<\/p>\n<p><a href=\"https:\/\/www.lgm-hh.de\" rel=\"noopener\" target=\"_blank\">https:\/\/www.lgm-hh.de<\/a><br \/>\n<a href=\"https:\/\/www.ganzimmun.de\/start\/\" rel=\"noopener\" target=\"_blank\">https:\/\/www.ganzimmun.de\/start\/<\/a><br \/>\n<a href=\"https:\/\/www.hauss.de\/\" rel=\"noopener\" target=\"_blank\">https:\/\/www.hauss.de\/<\/a><\/p>\n<p>Il existe des m\u00e9thodes traditionnelles ayant fait leurs preuves qui donnent une autre perspective et permettent de consolider un diagnostic personnalis\u00e9:<\/p>\n<ul>\n<li>L\u2019iridologie<\/li>\n<li>le diagnostic de la langue selon la M\u00e9decine Traditionnelle Chinoise<\/li>\n<li>le diagnostic sanguin selon Spenglersan<\/li>\n<\/ul>\n<p>Ce travail multifactoriel permet un concept th\u00e9rapeutique personnalis\u00e9, qui prend en compte plusieurs dimensions, que ce soit les probl\u00e8mes organiques et physiques mais aussi les troubles \u00e9motionnels et psychiques.<\/p>\n<p>Un concept th\u00e9rapeutique (similaire \u00e0 une mosa\u00efque de plusieurs \u00e9l\u00e9ments) utilise les bienfaits de la phytoth\u00e9rapie, de l\u2019hom\u00e9opathie, de l\u2019aromath\u00e9rapie, des changements alimentaires, des soins manuels, de l\u2019auriculoth\u00e9rapie (l\u2019acupuncture auriculaire est r\u00e9put\u00e9e et reconnue comme tr\u00e8s efficace), des massages, de la r\u00e9flexologie plantaire.<\/p>\n<p>En fonction de vos besoins, en s\u00e9ances r\u00e9guli\u00e8res on peut \u201e combler\u201c des manques plus importants gr\u00e2ce \u00e0 des injections ou perfusions.<\/p>\n<p>Mon but est que vous retrouviez rapidement une s\u00e9r\u00e9nit\u00e9  et une \u00e9nergie int\u00e9rieure, qui vous redonnent une vraie qualit\u00e9 de vie!<\/p>\n<p>Je vous propose un premier entretien sans aucune obligation qui vous permettra de voir notre cabinet, mais aussi de faire connaissance et de se rendre compte de part et d\u2019autre si le courant passe.<br \/>\n<strong>Faire le premier pas signifie que vous vous prenez au s\u00e9rieux!<\/strong><br \/>\nC\u2019est avec beaucoup de respect, de compr\u00e9hension et de professionnalisme que je vous accompagnerai sur votre chemin de Sant\u00e9![\/et_pb_text][\/et_pb_column][\/et_pb_row][\/et_pb_section]<\/p>\n","protected":false},"excerpt":{"rendered":"<p>Outils de travail? Quelles m\u00e9thodes sont utilis\u00e9es? Un diagnostic s\u00e9rieux et professionnel se base sur plusieurs param\u00e8tres: Une anamn\u00e8se approfondie (un entretien qui dure au minimum deux heures), incluant entre autre vos sympt\u00f4mes actuels, les maladies que vous avez eues, celles de votre famille, le milieu dans lequel vous vivez, etc\u2026 Cette conversation est essentielle [&hellip;]<\/p>\n","protected":false},"author":1,"featured_media":0,"parent":0,"menu_order":0,"comment_status":"closed","ping_status":"closed","template":"","meta":{"_et_pb_use_builder":"on","_et_pb_old_content":"","_et_gb_content_width":"","footnotes":""},"yoast_head":"<!-- This site is optimized with the Yoast SEO plugin v22.0 - https:\/\/yoast.com\/wordpress\/plugins\/seo\/ -->\n<title>Arbeitsweise<\/title>\n<meta name=\"robots\" content=\"index, follow, max-snippet:-1, max-image-preview:large, max-video-preview:-1\" \/>\n<link rel=\"canonical\" href=\"https:\/\/naturheilpraxis-laressource.de\/fr\/arbeitsweise\/\" \/>\n<meta property=\"og:locale\" content=\"fr_FR\" \/>\n<meta property=\"og:type\" content=\"article\" \/>\n<meta property=\"og:title\" content=\"Arbeitsweise\" \/>\n<meta property=\"og:url\" content=\"https:\/\/naturheilpraxis-laressource.de\/fr\/arbeitsweise\/\" \/>\n<meta property=\"og:site_name\" content=\"Naturheilpraxis La Ressource\" \/>\n<meta property=\"article:modified_time\" content=\"2018-08-19T16:37:35+00:00\" \/>\n<meta name=\"twitter:card\" content=\"summary_large_image\" \/>\n<meta name=\"twitter:label1\" content=\"Dur\u00e9e de lecture estim\u00e9e\" \/>\n\t<meta name=\"twitter:data1\" content=\"2 minutes\" \/>\n<script type=\"application\/ld+json\" class=\"yoast-schema-graph\">{\"@context\":\"https:\/\/schema.org\",\"@graph\":[{\"@type\":\"WebPage\",\"@id\":\"https:\/\/naturheilpraxis-laressource.de\/fr\/arbeitsweise\/\",\"url\":\"https:\/\/naturheilpraxis-laressource.de\/fr\/arbeitsweise\/\",\"name\":\"Arbeitsweise\",\"isPartOf\":{\"@id\":\"https:\/\/naturheilpraxis-laressource.de\/#website\"},\"datePublished\":\"2018-05-04T14:10:29+00:00\",\"dateModified\":\"2018-08-19T16:37:35+00:00\",\"breadcrumb\":{\"@id\":\"https:\/\/naturheilpraxis-laressource.de\/fr\/arbeitsweise\/#breadcrumb\"},\"inLanguage\":\"fr-FR\",\"potentialAction\":[{\"@type\":\"ReadAction\",\"target\":[\"https:\/\/naturheilpraxis-laressource.de\/fr\/arbeitsweise\/\"]}]},{\"@type\":\"BreadcrumbList\",\"@id\":\"https:\/\/naturheilpraxis-laressource.de\/fr\/arbeitsweise\/#breadcrumb\",\"itemListElement\":[{\"@type\":\"ListItem\",\"position\":1,\"name\":\"Startseite\",\"item\":\"https:\/\/naturheilpraxis-laressource.de\/\"},{\"@type\":\"ListItem\",\"position\":2,\"name\":\"Arbeitsweise\"}]},{\"@type\":\"WebSite\",\"@id\":\"https:\/\/naturheilpraxis-laressource.de\/#website\",\"url\":\"https:\/\/naturheilpraxis-laressource.de\/\",\"name\":\"Naturheilpraxis La Ressource\",\"description\":\"Muriel Brandenburg\",\"publisher\":{\"@id\":\"https:\/\/naturheilpraxis-laressource.de\/#organization\"},\"potentialAction\":[{\"@type\":\"SearchAction\",\"target\":{\"@type\":\"EntryPoint\",\"urlTemplate\":\"https:\/\/naturheilpraxis-laressource.de\/?s={search_term_string}\"},\"query-input\":\"required name=search_term_string\"}],\"inLanguage\":\"fr-FR\"},{\"@type\":\"Organization\",\"@id\":\"https:\/\/naturheilpraxis-laressource.de\/#organization\",\"name\":\"Naturheilpraxis La Ressource\",\"url\":\"https:\/\/naturheilpraxis-laressource.de\/\",\"logo\":{\"@type\":\"ImageObject\",\"inLanguage\":\"fr-FR\",\"@id\":\"https:\/\/naturheilpraxis-laressource.de\/#\/schema\/logo\/image\/\",\"url\":\"https:\/\/naturheilpraxis-laressource.de\/wp-content\/uploads\/2018\/04\/headerlogo2.png\",\"contentUrl\":\"https:\/\/naturheilpraxis-laressource.de\/wp-content\/uploads\/2018\/04\/headerlogo2.png\",\"width\":1504,\"height\":400,\"caption\":\"Naturheilpraxis La Ressource\"},\"image\":{\"@id\":\"https:\/\/naturheilpraxis-laressource.de\/#\/schema\/logo\/image\/\"}}]}<\/script>\n<!-- \/ Yoast SEO plugin. -->","yoast_head_json":{"title":"Arbeitsweise","robots":{"index":"index","follow":"follow","max-snippet":"max-snippet:-1","max-image-preview":"max-image-preview:large","max-video-preview":"max-video-preview:-1"},"canonical":"https:\/\/naturheilpraxis-laressource.de\/fr\/arbeitsweise\/","og_locale":"fr_FR","og_type":"article","og_title":"Arbeitsweise","og_url":"https:\/\/naturheilpraxis-laressource.de\/fr\/arbeitsweise\/","og_site_name":"Naturheilpraxis La Ressource","article_modified_time":"2018-08-19T16:37:35+00:00","twitter_card":"summary_large_image","twitter_misc":{"Dur\u00e9e de lecture estim\u00e9e":"2 minutes"},"schema":{"@context":"https:\/\/schema.org","@graph":[{"@type":"WebPage","@id":"https:\/\/naturheilpraxis-laressource.de\/fr\/arbeitsweise\/","url":"https:\/\/naturheilpraxis-laressource.de\/fr\/arbeitsweise\/","name":"Arbeitsweise","isPartOf":{"@id":"https:\/\/naturheilpraxis-laressource.de\/#website"},"datePublished":"2018-05-04T14:10:29+00:00","dateModified":"2018-08-19T16:37:35+00:00","breadcrumb":{"@id":"https:\/\/naturheilpraxis-laressource.de\/fr\/arbeitsweise\/#breadcrumb"},"inLanguage":"fr-FR","potentialAction":[{"@type":"ReadAction","target":["https:\/\/naturheilpraxis-laressource.de\/fr\/arbeitsweise\/"]}]},{"@type":"BreadcrumbList","@id":"https:\/\/naturheilpraxis-laressource.de\/fr\/arbeitsweise\/#breadcrumb","itemListElement":[{"@type":"ListItem","position":1,"name":"Startseite","item":"https:\/\/naturheilpraxis-laressource.de\/"},{"@type":"ListItem","position":2,"name":"Arbeitsweise"}]},{"@type":"WebSite","@id":"https:\/\/naturheilpraxis-laressource.de\/#website","url":"https:\/\/naturheilpraxis-laressource.de\/","name":"Naturheilpraxis La Ressource","description":"Muriel Brandenburg","publisher":{"@id":"https:\/\/naturheilpraxis-laressource.de\/#organization"},"potentialAction":[{"@type":"SearchAction","target":{"@type":"EntryPoint","urlTemplate":"https:\/\/naturheilpraxis-laressource.de\/?s={search_term_string}"},"query-input":"required name=search_term_string"}],"inLanguage":"fr-FR"},{"@type":"Organization","@id":"https:\/\/naturheilpraxis-laressource.de\/#organization","name":"Naturheilpraxis La Ressource","url":"https:\/\/naturheilpraxis-laressource.de\/","logo":{"@type":"ImageObject","inLanguage":"fr-FR","@id":"https:\/\/naturheilpraxis-laressource.de\/#\/schema\/logo\/image\/","url":"https:\/\/naturheilpraxis-laressource.de\/wp-content\/uploads\/2018\/04\/headerlogo2.png","contentUrl":"https:\/\/naturheilpraxis-laressource.de\/wp-content\/uploads\/2018\/04\/headerlogo2.png","width":1504,"height":400,"caption":"Naturheilpraxis La Ressource"},"image":{"@id":"https:\/\/naturheilpraxis-laressource.de\/#\/schema\/logo\/image\/"}}]}},"_links":{"self":[{"href":"https:\/\/naturheilpraxis-laressource.de\/fr\/wp-json\/wp\/v2\/pages\/453"}],"collection":[{"href":"https:\/\/naturheilpraxis-laressource.de\/fr\/wp-json\/wp\/v2\/pages"}],"about":[{"href":"https:\/\/naturheilpraxis-laressource.de\/fr\/wp-json\/wp\/v2\/types\/page"}],"author":[{"embeddable":true,"href":"https:\/\/naturheilpraxis-laressource.de\/fr\/wp-json\/wp\/v2\/users\/1"}],"replies":[{"embeddable":true,"href":"https:\/\/naturheilpraxis-laressource.de\/fr\/wp-json\/wp\/v2\/comments?post=453"}],"version-history":[{"count":23,"href":"https:\/\/naturheilpraxis-laressource.de\/fr\/wp-json\/wp\/v2\/pages\/453\/revisions"}],"predecessor-version":[{"id":1186,"href":"https:\/\/naturheilpraxis-laressource.de\/fr\/wp-json\/wp\/v2\/pages\/453\/revisions\/1186"}],"wp:attachment":[{"href":"https:\/\/naturheilpraxis-laressource.de\/fr\/wp-json\/wp\/v2\/media?parent=453"}],"curies":[{"name":"wp","href":"https:\/\/api.w.org\/{rel}","templated":true}]}}